{"id":69,"date":"2017-01-12T14:39:55","date_gmt":"2017-01-12T13:39:55","guid":{"rendered":"http:\/\/prd.vipersgrignycc.com\/?page_id=69"},"modified":"2018-03-19T11:30:00","modified_gmt":"2018-03-19T10:30:00","slug":"actualites","status":"publish","type":"page","link":"https:\/\/www.vipersgrignycc.com\/","title":{"rendered":""},"content":{"rendered":"<p><!-- This slideshow output is generated with Advanced post slider a multipurpose responsive WordPress slideshow plugin - http:\/\/www.wpcue.com\/wordpress-plugins\/advanced-post-slider\/ -->\r\n<style>\r\n#advps_container1 .bx-wrapper .bx-viewport {\r\n\t\t-moz-box-shadow: 0px 1px 4px #000000;\r\n\t-webkit-box-shadow: 0px 1px 4px #000000;\r\n\tbox-shadow: 0px 1px 4px #000000;\r\n\t\tborder: 1px solid #444444;\r\n\t\tbackground:#FFFFFF;\r\n}\r\n#advps_container1 .bx-wrapper .bx-pager{\r\n\ttext-align: center;\r\n\t;\r\n}\r\n#advps_container1 .bx-wrapper .bx-pager\r\n{\r\n\tbottom:-35px;\r\n\tz-index:999;\r\n}\r\n#advps_container1 .bx-wrapper .bx-controls-auto\r\n{\r\n\tbottom:6px;\r\n}\r\n#advps_container1 .bx-wrapper .bx-controls.bx-has-controls-auto.bx-has-pager .bx-pager {\r\n\ttext-align: center;\r\n}\r\n#advps_container1 .bx-wrapper .bx-controls-auto {\r\n\tz-index:99999;\r\n\ttext-align:center;width:100%;}\r\n\r\n#advps_container1 .bx-wrapper .bx-pager.bx-default-pager a {\r\n\tbackground: #666;\r\n\ttext-indent: -9999px;\r\n\tdisplay: block;\r\n\twidth: 10px;\r\n\theight: 10px;\r\n\tmargin: 0 5px;\r\n\toutline: 0;\r\n\t-moz-border-radius: 5px;\r\n\t-webkit-border-radius: 5px;\r\n\tborder-radius: 5px;\r\n\ttext-align:left;\r\n}\r\n#advps_container1 .bx-wrapper .bx-pager.bx-default-pager a:hover,\r\n#advps_container1 .bx-wrapper .bx-pager.bx-default-pager a.active {\r\n\tbackground: #000;\r\n}\r\n\r\n\/* thumbnail pager*\/\r\n#advps_container1 #bx-pager\r\n{\r\n\twidth:100%;\r\n\tposition:absolute;\r\n\tbottom:-35px;\r\n    text-align: center;\r\n\tz-index: 9999;\r\n}\r\n#advps_container1 #bx-pager a img\r\n{\r\n\tborder: 1px solid #CCCCCC;\r\n    padding: 3px;\r\n}\r\n#advps_container1 #bx-pager a:hover img, #advps_container1 #bx-pager a.active img\r\n{\r\n\tborder: 1px solid #666666;\r\n}\r\n\/* medai queries *\/\r\n#advps_container1 .advs-title,#advps_container1 .advs-title a\r\n{\r\n\tfont-size:20px;\r\n\tline-height:20px;\r\n}\r\n#advps_container1 .advps-slide p\r\n{\r\n\tfont-size:14px;\r\n\tline-height:14px;\r\n}\r\n@media screen and (max-width: 1024px){\r\n\t#advps_container1 .advs-title,#advps_container1 .advs-title a\r\n\t{\r\n\t\tfont-size:18px;\r\n\t\tline-height:18px;\r\n\t}\r\n\t#advps_container1 .advps-slide p\r\n\t{\r\n\t\tfont-size:12px;\r\n\t\tline-height:12px;\r\n\t}\r\n}\r\n@media screen and (max-width: 768px){\r\n\t#advps_container1 h2.advs-title, #advps_container1 h2.advs-title a\r\n\t{\r\n\t\tfont-size:16px;\r\n\t\tline-height:16px;\r\n\t}\r\n\t#advps_container1 .advps-slide p\r\n\t{\r\n\t\tfont-size:12px;\r\n\t\tline-height:12px;\r\n\t}\r\n}\r\n@media screen and (max-width: 650px){\r\n\t#advps_container1 h2.advs-title, #advps_container1 h2.advs-title a\r\n\t{\r\n\t\tfont-size:15px;\r\n\t\tline-height:15px;\r\n\t}\r\n\t#advps_container1 .advps-slide p\r\n\t{\r\n\t\tfont-size:12px;\r\n\t\tline-height:12px;\r\n\t}\r\n}\r\n@media screen and (max-width: 480px){\r\n\t#advps_container1 h2.advs-title, #advps_container1 h2.advs-title a\r\n\t{\r\n\t\tfont-size:15px;\r\n\t\tline-height:15px;\r\n\t}\r\n\t#advps_container1 .advps-slide p\r\n\t{\r\n\t\tfont-size:12px;\r\n\t\tline-height:12px;\r\n\t}\r\n}\r\n@media screen and (max-width: 320px){\r\n\t#advps_container1 h2.advs-title, #advps_container1 h2.advs-title a\r\n\t{\r\n\t\tfont-size:15px;\r\n\t\tline-height:15px;\r\n\t}\r\n\t#advps_container1 .advps-slide p\r\n\t{\r\n\t\tfont-size:12px;\r\n\t\tline-height:12px;\r\n\t}\r\n}\r\n<\/style>\r\n<script type=\"text\/javascript\">\r\n\t\tjQuery(document).ready(function($){\r\n\t\t\t$('#advpsslideshow_1').bxSlider({\r\n\t\t\t\tuseCSS:1,\r\n\t\t\t\tslideMargin: 0,\r\n\t\t\t\tspeed: 2000,\t\t\t\t\r\n\t\t\t\t\t\t\t\tmode: 'fade',\r\n\t\t\t\t\t\t\t\t\t\t\t\tauto: 1,\r\n\t\t\t\tautoHover: 1,\r\n\t\t\t\tpause: 5000,\r\n\t\t\t\teasing: 'linear',\r\n\t\t\t\tcontrols: 1,\r\n\t\t\t\tpager: 1,\r\n  \t\t\t\tautoControls: 1\t\t\t\t\t\t\t});\r\n\t\t\t\t\t\t\t$(\"#advpsslideshow_1 .advs-title a\").hover(function(){\r\n\t\t\t\t\t$(this).css('color','#c9c9c9');\r\n\t\t\t\t},function(){\r\n\t\t\t\t\t$(this).css('color','#FFFFFF');\r\n\t\t\t\t});\r\n\t\t\t\t\t\t$(\"#advpsslideshow_1 .advps-slide\").hover(function(){\r\n\t\t\t\t  \t\t\t},function(){\r\n\t\t\t\t\t\t\t});\r\n\t\t});\r\n\t<\/script>\r\n<div id=\"advps_container1\" class=\"advps-slide-container\" style=\"overflow:hidden;max-width:600px;\">\r\n \r\n  <div id=\"advpsslideshow_1\">\r\n        <div class=\"advps-slide\">\r\n\t<a target=\"_self\" href=\"https:\/\/www.vipersgrignycc.com\/?p=1759\" >      <img loading=\"lazy\" decoding=\"async\" src=\"https:\/\/www.vipersgrignycc.com\/wp-content\/uploads\/2018\/08\/FC_Logo-600x380.png\" width=\"600\" height=\"380\" alt=\"COLLECTIF FRANCE MASCULIN 2018\" \/>      <\/a>       \r\n      <div class=\"advps-excerpt-one\" style=\"width:100%;height:30%;bottom:0; left:0;\">\r\n      \t<div class=\"advps-overlay-one\" style=\"background-color:#000000; -moz-opacity:0.6;filter:alpha(opacity=60);opacity:0.6;\"><\/div>\r\n        <div class=\"advps-excerpt-block-one\" style=\"text-align:left;color:#FFFFFF;-moz-opacity:1;filter:alpha(opacity=100);opacity:1;\">        \r\n        <h2 class=\"advs-title\" style=\"margin:5px 0px 10px 0px;color:#FFFFFF\"><a target=\"_self\" href=\"https:\/\/www.vipersgrignycc.com\/?p=1759\" style=\"margin:5px 0px 10px 0px;color:#FFFFFF\" >COLLECTIF FRANCE MASCULIN 2018<\/a><\/h2>\r\n          \r\n            <p>La f\u00e9d\u00e9ration d\u00e9voile la s\u00e9lection de l&rsquo;Equipe de France Senior de Cricket, qui participera au Tournoi qualificatif \u00e0 la Coupe du Monde qui se tiendra [&hellip;]<\/p>\n        <\/div>\r\n      <\/div>\r\n    <\/div>\r\n        <div class=\"advps-slide\">\r\n\t<a target=\"_self\" href=\"https:\/\/www.vipersgrignycc.com\/?p=1754\" >      <img loading=\"lazy\" decoding=\"async\" src=\"https:\/\/www.vipersgrignycc.com\/wp-content\/uploads\/2018\/04\/Sans-titre-600x380.png\" width=\"600\" height=\"380\" alt=\"Joshua catch\" \/>      <\/a>       \r\n      <div class=\"advps-excerpt-one\" style=\"width:100%;height:30%;bottom:0; left:0;\">\r\n      \t<div class=\"advps-overlay-one\" style=\"background-color:#000000; -moz-opacity:0.6;filter:alpha(opacity=60);opacity:0.6;\"><\/div>\r\n        <div class=\"advps-excerpt-block-one\" style=\"text-align:left;color:#FFFFFF;-moz-opacity:1;filter:alpha(opacity=100);opacity:1;\">        \r\n        <h2 class=\"advs-title\" style=\"margin:5px 0px 10px 0px;color:#FFFFFF\"><a target=\"_self\" href=\"https:\/\/www.vipersgrignycc.com\/?p=1754\" style=\"margin:5px 0px 10px 0px;color:#FFFFFF\" >Joshua catch<\/a><\/h2>\r\n          \r\n            <p>Voici une vid\u00e9o o\u00f9 Joshua, \u00e2g\u00e9 de 10ans et \u00e9voluant \u00e0 Grigny, attrape un catch extraordinaire, film\u00e9 par son grand supporteur (son p\u00e8re):<\/p>\n        <\/div>\r\n      <\/div>\r\n    <\/div>\r\n        <div class=\"advps-slide\">\r\n\t<a target=\"_self\" href=\"https:\/\/www.vipersgrignycc.com\/?p=1734\" >      <img loading=\"lazy\" decoding=\"async\" src=\"https:\/\/www.vipersgrignycc.com\/wp-content\/uploads\/2018\/03\/vipers-600x380.jpeg\" width=\"600\" height=\"380\" alt=\"Tournoi de Grigny  &#8211; 25 mars 2018\" \/>      <\/a>       \r\n      <div class=\"advps-excerpt-one\" style=\"width:100%;height:30%;bottom:0; left:0;\">\r\n      \t<div class=\"advps-overlay-one\" style=\"background-color:#000000; -moz-opacity:0.6;filter:alpha(opacity=60);opacity:0.6;\"><\/div>\r\n        <div class=\"advps-excerpt-block-one\" style=\"text-align:left;color:#FFFFFF;-moz-opacity:1;filter:alpha(opacity=100);opacity:1;\">        \r\n        <h2 class=\"advs-title\" style=\"margin:5px 0px 10px 0px;color:#FFFFFF\"><a target=\"_self\" href=\"https:\/\/www.vipersgrignycc.com\/?p=1734\" style=\"margin:5px 0px 10px 0px;color:#FFFFFF\" >Tournoi de Grigny  &#8211; 25 mars 2018<\/a><\/h2>\r\n          \r\n            <p>Le dimanche 25 mars 2017, Grigny a organis\u00e9 un tournoi indoor de Cricket. Merci aux 11 clubs (Ariyalai, Aulnay, Balbyniens, BCCP, Creil, Epinay, Fontainebleau, Grigny, [&hellip;]<\/p>\n        <\/div>\r\n      <\/div>\r\n    <\/div>\r\n        <div class=\"advps-slide\">\r\n\t<a target=\"_self\" href=\"https:\/\/www.vipersgrignycc.com\/?p=1702\" >      <img loading=\"lazy\" decoding=\"async\" src=\"https:\/\/www.vipersgrignycc.com\/wp-content\/uploads\/2018\/03\/29176946_1440391162757224_8858498072385159168_n-600x380.jpg\" width=\"600\" height=\"380\" alt=\"Grigny, finaliste du tournoi indoor de Morangis\" \/>      <\/a>       \r\n      <div class=\"advps-excerpt-one\" style=\"width:100%;height:30%;bottom:0; left:0;\">\r\n      \t<div class=\"advps-overlay-one\" style=\"background-color:#000000; -moz-opacity:0.6;filter:alpha(opacity=60);opacity:0.6;\"><\/div>\r\n        <div class=\"advps-excerpt-block-one\" style=\"text-align:left;color:#FFFFFF;-moz-opacity:1;filter:alpha(opacity=100);opacity:1;\">        \r\n        <h2 class=\"advs-title\" style=\"margin:5px 0px 10px 0px;color:#FFFFFF\"><a target=\"_self\" href=\"https:\/\/www.vipersgrignycc.com\/?p=1702\" style=\"margin:5px 0px 10px 0px;color:#FFFFFF\" >Grigny, finaliste du tournoi indoor de Morangis<\/a><\/h2>\r\n          \r\n            <p>Dans les matchs de poule, Grigny termine en t\u00eate du groupe et qualifie en quart de finale contre Ariyalai 2. En quart de finale, Grigny [&hellip;]<\/p>\n        <\/div>\r\n      <\/div>\r\n    <\/div>\r\n        <div class=\"advps-slide\">\r\n\t<a target=\"_self\" href=\"https:\/\/www.vipersgrignycc.com\/?p=1691\" >      <img loading=\"lazy\" decoding=\"async\" src=\"https:\/\/www.vipersgrignycc.com\/wp-content\/uploads\/2018\/03\/WhatsApp-Image-2018-03-10-at-18.54.12-600x380.jpeg\" width=\"600\" height=\"380\" alt=\"Grigny 15U, Vainqueur du tournoi indoor de Morangis\" \/>      <\/a>       \r\n      <div class=\"advps-excerpt-one\" style=\"width:100%;height:30%;bottom:0; left:0;\">\r\n      \t<div class=\"advps-overlay-one\" style=\"background-color:#000000; -moz-opacity:0.6;filter:alpha(opacity=60);opacity:0.6;\"><\/div>\r\n        <div class=\"advps-excerpt-block-one\" style=\"text-align:left;color:#FFFFFF;-moz-opacity:1;filter:alpha(opacity=100);opacity:1;\">        \r\n        <h2 class=\"advs-title\" style=\"margin:5px 0px 10px 0px;color:#FFFFFF\"><a target=\"_self\" href=\"https:\/\/www.vipersgrignycc.com\/?p=1691\" style=\"margin:5px 0px 10px 0px;color:#FFFFFF\" >Grigny 15U, Vainqueur du tournoi indoor de Morangis<\/a><\/h2>\r\n          \r\n            <p>Apr\u00e8s un parcours sans faute dans la phase de poule, Grigny 15U se qualifie en finale contre Morangis. En finale, Grigny Grigny 15U bat Morangis [&hellip;]<\/p>\n        <\/div>\r\n      <\/div>\r\n    <\/div>\r\n      <\/div>\r\n  <\/div><!-- end advps-slide-container -->\r\n<!-- \/ Advanced post slider a multipurpose responsive slideshow plugin -->\r\n<br \/>\n<center><\/p>\n<h3>Merci pour votre soutien<\/h3>\n<p><\/center><br \/>\n<\/p>\n","protected":false},"excerpt":{"rendered":"<p>Merci pour votre soutien<\/p>\n","protected":false},"author":1,"featured_media":0,"parent":0,"menu_order":0,"comment_status":"closed","ping_status":"closed","template":"","meta":{"jetpack_post_was_ever_published":false,"footnotes":""},"jetpack_sharing_enabled":true,"jetpack_shortlink":"https:\/\/wp.me\/PaIxl1-17","_links":{"self":[{"href":"https:\/\/www.vipersgrignycc.com\/index.php?rest_route=\/wp\/v2\/pages\/69"}],"collection":[{"href":"https:\/\/www.vipersgrignycc.com\/index.php?rest_route=\/wp\/v2\/pages"}],"about":[{"href":"https:\/\/www.vipersgrignycc.com\/index.php?rest_route=\/wp\/v2\/types\/page"}],"author":[{"embeddable":true,"href":"https:\/\/www.vipersgrignycc.com\/index.php?rest_route=\/wp\/v2\/users\/1"}],"replies":[{"embeddable":true,"href":"https:\/\/www.vipersgrignycc.com\/index.php?rest_route=%2Fwp%2Fv2%2Fcomments&post=69"}],"version-history":[{"count":32,"href":"https:\/\/www.vipersgrignycc.com\/index.php?rest_route=\/wp\/v2\/pages\/69\/revisions"}],"predecessor-version":[{"id":1733,"href":"https:\/\/www.vipersgrignycc.com\/index.php?rest_route=\/wp\/v2\/pages\/69\/revisions\/1733"}],"wp:attachment":[{"href":"https:\/\/www.vipersgrignycc.com\/index.php?rest_route=%2Fwp%2Fv2%2Fmedia&parent=69"}],"curies":[{"name":"wp","href":"https:\/\/api.w.org\/{rel}","templated":true}]}}