{"id":1708,"date":"2018-03-18T18:40:56","date_gmt":"2018-03-18T17:40:56","guid":{"rendered":"https:\/\/www.vipersgrignycc.com\/?page_id=1708"},"modified":"2018-11-26T17:59:11","modified_gmt":"2018-11-26T16:59:11","slug":"palmares","status":"publish","type":"page","link":"https:\/\/www.vipersgrignycc.com\/?page_id=1708","title":{"rendered":"Palmar\u00e8s"},"content":{"rendered":"<p><center><img loading=\"lazy\" decoding=\"async\" class=\"alignnone size-medium wp-image-1716\" src=\"https:\/\/www.vipersgrignycc.com\/wp-content\/uploads\/2018\/03\/Medaille-300x300.png\" alt=\"\" width=\"300\" height=\"300\" srcset=\"https:\/\/www.vipersgrignycc.com\/wp-content\/uploads\/2018\/03\/Medaille-300x300.png 300w, https:\/\/www.vipersgrignycc.com\/wp-content\/uploads\/2018\/03\/Medaille-150x150.png 150w, https:\/\/www.vipersgrignycc.com\/wp-content\/uploads\/2018\/03\/Medaille-128x128.png 128w, https:\/\/www.vipersgrignycc.com\/wp-content\/uploads\/2018\/03\/Medaille-32x32.png 32w, https:\/\/www.vipersgrignycc.com\/wp-content\/uploads\/2018\/03\/Medaille.png 640w\" sizes=\"(max-width: 300px) 100vw, 300px\" \/><\/center><br \/>\n<strong>Palmar\u00e8s 2018:<\/strong><br \/>\n-24\/11\/2018 &#8211; Finaliste du tournoi indoor de Lisses<br \/>\n-28\/10\/2018 &#8211; Finaliste de la coupe de France 13U<br \/>\n-30\/09\/2018 &#8211; Vainqueur de la coupe de France 18U<br \/>\n-22\/09\/2017 &#8211; Finaliste du challenge 91<br \/>\n-30\/06\/2018 &#8211; Vainqueur du 2\u00e8me plateau de l&rsquo;Essonne 13U<br \/>\n-30\/06\/2018 &#8211; Vainqueur du 2\u00e8me plateau d\u00e9 l&rsquo;Essonne f\u00e9minine<br \/>\n-28\/04\/2018 &#8211; Vainqueur du 1er plateau de l&rsquo;Essonne 13U<br \/>\n-28\/04\/2018 &#8211; Vainqueur du 1er plateau de l&rsquo;Essonne f\u00e9minine<br \/>\n-25\/03\/2018 &#8211; Finaliste du tournoi indoor de Grigny<br \/>\n-11\/03\/2018 &#8211; Finaliste du tournoi indoor de Morangis<br \/>\n-10\/03\/2018 &#8211; Vainqueur du tournoi indoor 15U de Morangis<br \/>\n-10\/03\/2018 &#8211; Vainqueur du tournoi indoor 13U de Morangis<br \/>\n-24\/02\/2018 &#8211; Vainqueur du tournoi indoor d\u2019Aulnay<\/p>\n<p><strong>Palmar\u00e8s 2017:<\/strong><br \/>\n-19\/11\/2017 &#8211; Finaliste du tournoi indoor de Grigny<br \/>\n-19\/11\/2017 &#8211; Vainqueur du tournoi indoor 15U de Morangis<br \/>\n-30\/09\/2017 &#8211; Vainqueur du challenge 91 (4)<br \/>\n-23\/09\/2017 &#8211; Finaliste de la Coupe de France 21U<br \/>\n-17\/09\/2017 &#8211; Vainqueur de la Division 2<br \/>\n-10\/05\/2017 &#8211; Finaliste du plateau r\u00e9gionale IDF f\u00e9minine<br \/>\n-18\/02\/2017 &#8211; Finaliste du tournoi indoor d\u2019Aulnay<\/p>\n<p><strong>Palmar\u00e8s 2016:<\/strong><br \/>\n-27\/11\/2016 &#8211; Finaliste du tournoi indoor 21U d\u2019Aulnay<br \/>\n-14\/11\/2016 &#8211; Vainqueur du tournoi indoor de Lisses<br \/>\n-04\/10\/2016 &#8211; Finaliste de la Coupe de France 15U<br \/>\n-27\/09\/2016 &#8211; Vainqueur de la coupe de l&rsquo;Essonne (3)<br \/>\n-27\/03\/2016 &#8211; Vainqueur du tournoi indoor de Grigny<br \/>\n-27\/03\/2016 &#8211; Vainqueur du tournoi indoor 15U de Grigny<br \/>\n-26\/03\/2016 &#8211; Vainqueur du tournoi indoor f\u00e9minine de Grigny<br \/>\n-28\/02\/2016 &#8211; Vainqueur du tournoi indoor d\u2019Aulnay<br \/>\n-09\/01\/2016 &#8211; Vainqueur du tournoi indoor de Viry-Ch\u00e2tillon<\/p>\n<p><strong>Palmar\u00e8s 2015:<\/strong><br \/>\n-28\/09\/2015 &#8211; Obtention du prix \u00ab\u00a0Meilleurs organisateurs\u00a0\u00bb par France Cricket<br \/>\n-28\/09\/2015 &#8211; Finaliste de la Coupe de France 15U<br \/>\n-24\/08\/2015 &#8211; Obtention du label \u00ab\u00a0Club Jeunes\u00a0\u00bb et \u00ab\u00a0Club Dynamique\u00a0\u00bb par France Cricket<br \/>\n-25\/07\/2015 &#8211; Vainqueur de la coupe de l&rsquo;Essonne (2)<br \/>\n-14\/02\/2015 &#8211; Vainqueur du tournoi indoor de Lisses<br \/>\n-15\/01\/2015 &#8211; Finaliste du tournoi indoor de Grigny<\/p>\n<p><strong>Palmar\u00e8s 2014:<\/strong><br \/>\n-21\/12\/2014 &#8211; Finaliste du tournoi indoor de Bobigny<br \/>\n-30\/11\/2014 &#8211; Finaliste du tournoi indoor de Grigny<br \/>\n-30\/11\/2014 &#8211; Finaliste du tournoi indoor 15U de Grigny<br \/>\n-22\/03\/2014 &#8211; Finaliste du tournoi indoor national<\/p>\n<p><strong>Palmar\u00e8s 2013:<\/strong><br \/>\n-21\/07\/2013 &#8211; Vainqueur de la coupe de l&rsquo;Essonne (1)<br \/>\n-01\/03\/2013 &#8211; Prix du d\u00e9veloppement<\/p>\n<p><strong>Palmar\u00e8s 2012:<\/strong><br \/>\n-26\/08\/2012 &#8211; Vainqueur r\u00e9gionale IDF<\/p>\n","protected":false},"excerpt":{"rendered":"<p>Palmar\u00e8s 2018: -24\/11\/2018 &#8211; Finaliste du tournoi indoor de Lisses -28\/10\/2018 &#8211; Finaliste de la coupe de France 13U -30\/09\/2018 &#8211; Vainqueur de la coupe de France 18U -22\/09\/2017 &#8211; Finaliste du challenge 91 -30\/06\/2018 &#8211; Vainqueur du 2\u00e8me plateau de l&rsquo;Essonne 13U -30\/06\/2018 &#8211; Vainqueur du 2\u00e8me plateau d\u00e9 l&rsquo;Essonne f\u00e9minine -28\/04\/2018 &#8211; Vainqueur [&hellip;]<\/p>\n","protected":false},"author":1,"featured_media":0,"parent":0,"menu_order":0,"comment_status":"closed","ping_status":"closed","template":"template-fullwidth.php","meta":{"jetpack_post_was_ever_published":false,"footnotes":""},"jetpack_sharing_enabled":true,"jetpack_shortlink":"https:\/\/wp.me\/PaIxl1-ry","_links":{"self":[{"href":"https:\/\/www.vipersgrignycc.com\/index.php?rest_route=\/wp\/v2\/pages\/1708"}],"collection":[{"href":"https:\/\/www.vipersgrignycc.com\/index.php?rest_route=\/wp\/v2\/pages"}],"about":[{"href":"https:\/\/www.vipersgrignycc.com\/index.php?rest_route=\/wp\/v2\/types\/page"}],"author":[{"embeddable":true,"href":"https:\/\/www.vipersgrignycc.com\/index.php?rest_route=\/wp\/v2\/users\/1"}],"replies":[{"embeddable":true,"href":"https:\/\/www.vipersgrignycc.com\/index.php?rest_route=%2Fwp%2Fv2%2Fcomments&post=1708"}],"version-history":[{"count":18,"href":"https:\/\/www.vipersgrignycc.com\/index.php?rest_route=\/wp\/v2\/pages\/1708\/revisions"}],"predecessor-version":[{"id":1910,"href":"https:\/\/www.vipersgrignycc.com\/index.php?rest_route=\/wp\/v2\/pages\/1708\/revisions\/1910"}],"wp:attachment":[{"href":"https:\/\/www.vipersgrignycc.com\/index.php?rest_route=%2Fwp%2Fv2%2Fmedia&parent=1708"}],"curies":[{"name":"wp","href":"https:\/\/api.w.org\/{rel}","templated":true}]}}