{"id":1499,"date":"2017-02-24T19:01:11","date_gmt":"2017-02-24T18:01:11","guid":{"rendered":"https:\/\/www.vipersgrignycc.com\/?page_id=1499"},"modified":"2018-03-07T07:29:43","modified_gmt":"2018-03-07T06:29:43","slug":"cest-quoi-le-cricket","status":"publish","type":"page","link":"https:\/\/www.vipersgrignycc.com\/?page_id=1499","title":{"rendered":"C&rsquo;est quoi le cricket ?"},"content":{"rendered":"<p>Le cricket se joue entre deux \u00e9quipes compos\u00e9es de onze joueurs chacune, dans un terrain de forme ovale.<\/p>\n<p>L\u2019\u00e9quipe qui batte en premier place deux batteurs sur le terrain alors que les neuf autres batteurs attendent leur tour sur le banc. L\u2019\u00e9quipe qui d\u00e9fend positionne ses joueurs sur le terrain et cherche \u00e0 \u00e9liminer le batteur ou limiter le nombre de points marqu\u00e9s.<\/p>\n<p>L\u2019\u00e9quipe qui batte en deuxi\u00e8me, doit marquer plus de points que l\u2019opposition pour gagner le match.<\/p>\n<p><img decoding=\"async\" src=\"https:\/\/www.vipersgrignycc.com\/wp-content\/uploads\/2017\/02\/0001.jpg\" alt=\"\" \/><br \/>\n<img decoding=\"async\" src=\"https:\/\/www.vipersgrignycc.com\/wp-content\/uploads\/2017\/02\/0002.jpg\" alt=\"\" \/><\/p>\n<p><a href=\"https:\/\/www.vipersgrignycc.com\/wp-content\/uploads\/2017\/02\/what_is_cricket_french.pdf\">Version en PDF<\/a><\/p>\n","protected":false},"excerpt":{"rendered":"<p>Le cricket se joue entre deux \u00e9quipes compos\u00e9es de onze joueurs chacune, dans un terrain de forme ovale. L\u2019\u00e9quipe qui batte en premier place deux batteurs sur le terrain alors que les neuf autres batteurs attendent leur tour sur le banc. L\u2019\u00e9quipe qui d\u00e9fend positionne ses joueurs sur le terrain et cherche \u00e0 \u00e9liminer le [&hellip;]<\/p>\n","protected":false},"author":1,"featured_media":0,"parent":0,"menu_order":0,"comment_status":"closed","ping_status":"closed","template":"template-fullwidth.php","meta":{"jetpack_post_was_ever_published":false,"footnotes":""},"jetpack_sharing_enabled":true,"jetpack_shortlink":"https:\/\/wp.me\/PaIxl1-ob","_links":{"self":[{"href":"https:\/\/www.vipersgrignycc.com\/index.php?rest_route=\/wp\/v2\/pages\/1499"}],"collection":[{"href":"https:\/\/www.vipersgrignycc.com\/index.php?rest_route=\/wp\/v2\/pages"}],"about":[{"href":"https:\/\/www.vipersgrignycc.com\/index.php?rest_route=\/wp\/v2\/types\/page"}],"author":[{"embeddable":true,"href":"https:\/\/www.vipersgrignycc.com\/index.php?rest_route=\/wp\/v2\/users\/1"}],"replies":[{"embeddable":true,"href":"https:\/\/www.vipersgrignycc.com\/index.php?rest_route=%2Fwp%2Fv2%2Fcomments&post=1499"}],"version-history":[{"count":5,"href":"https:\/\/www.vipersgrignycc.com\/index.php?rest_route=\/wp\/v2\/pages\/1499\/revisions"}],"predecessor-version":[{"id":1662,"href":"https:\/\/www.vipersgrignycc.com\/index.php?rest_route=\/wp\/v2\/pages\/1499\/revisions\/1662"}],"wp:attachment":[{"href":"https:\/\/www.vipersgrignycc.com\/index.php?rest_route=%2Fwp%2Fv2%2Fmedia&parent=1499"}],"curies":[{"name":"wp","href":"https:\/\/api.w.org\/{rel}","templated":true}]}}