{"id":144,"date":"2017-01-12T18:10:21","date_gmt":"2017-01-12T17:10:21","guid":{"rendered":"http:\/\/prd.vipersgrignycc.com\/?page_id=144"},"modified":"2017-01-30T15:24:31","modified_gmt":"2017-01-30T14:24:31","slug":"reglement-interieur","status":"publish","type":"page","link":"https:\/\/www.vipersgrignycc.com\/?page_id=144","title":{"rendered":"R\u00e8glement int\u00e9rieur"},"content":{"rendered":"<h5>1-L\u2019administration<\/h5>\n<p>Le si\u00e8ge administratif est situ\u00e9 au 59 Rue Alexis Revenaz &#8211; 91000 Evry.<\/p>\n<p>Le club est dirig\u00e9 par :<\/p>\n<ul>\n<li>VAJOUMOUNIEN James \u2013 Pr\u00e9sident,<\/li>\n<li>VAJOUMOUNIEN Prakash\u00a0\u2013 Secr\u00e9taire,<\/li>\n<li>AMIRDALIGAME Deva \u2013 Tr\u00e9sorier,<\/li>\n<li>RAMAKRISHNAN Reegan &#8211; Entra\u00eeneur.<\/li>\n<\/ul>\n<h5>2-L\u2019adh\u00e9sion<\/h5>\n<p>L\u2019adh\u00e9sion \u00e0 Vipers Grigny Cricket Club, implique l\u2019approbation des statuts du club et de son r\u00e8glement int\u00e9rieur. Elle impose des droits et des devoirs.<\/p>\n<h5>3-Cotisation<\/h5>\n<p>Toute personne d\u00e9sirant s\u2019inscrire au club doit r\u00e9gler une cotisation, valable du 1er janvier au 31 d\u00e9cembre, le montant de celle-ci \u00e9tant fix\u00e9 par le conseil d\u2019administration. Cette cotisation comprend les frais de dossier, le prix de la licence, l\u2019assurance individuelle, mat\u00e9riels d\u2019entrainement et les frais li\u00e9s aux comp\u00e9titions.<\/p>\n<p>Des paiements \u00e9chelonn\u00e9s sont possibles. Seuls les joueurs licenci\u00e9s ayant acquitt\u00e9 leur cotisation peuvent participer aux entra\u00eenements et aux comp\u00e9titions.<\/p>\n<p>La cotisation reste acquise au club, en aucun cas cette cotisation peut \u00eatre r\u00e9voqu\u00e9e, sauf en cas de probl\u00e8me m\u00e9dical (sur justificatif d\u2019un m\u00e9decin).<\/p>\n<h5>4-\u00c9quipements sportives<\/h5>\n<p>Toutes d\u00e9gradations volontaires entra\u00eeneraient des sanctions y compris la facturation de la r\u00e9paration ou du remplacement du bien d\u00e9t\u00e9rior\u00e9.<\/p>\n<p>Conditions d\u2019admission aux \u00e9quipements :<\/p>\n<ul>\n<li>le joueur doit \u00eatre en possession d\u2019une licence en cours de validit\u00e9,<\/li>\n<li>le joueur doit suivre les entra\u00eenements r\u00e9guli\u00e8rement, les parents des joueurs mineurs sont pri\u00e9s de veiller \u00e0 l\u2019assiduit\u00e9 de leur enfant,<\/li>\n<li>le club et ses dirigeants d\u00e9clinent toute responsabilit\u00e9 en cas d\u2019absence d\u2019un joueur,<\/li>\n<li>l\u2019absence r\u00e9p\u00e9t\u00e9e, non justifi\u00e9e, d\u2019un enfant fera l\u2019objet, dans la mesure du possible, d\u2019une information aux parents qui doivent en faire conna\u00eetre les motifs. Sans r\u00e9ponse, le joueur sera consid\u00e9r\u00e9 comme d\u00e9missionnaire,<\/li>\n<li>il est rigoureusement interdit de fumer dans les enceintes sportives couvertes.<\/li>\n<\/ul>\n<h5>5-Responsabilit\u00e9s<\/h5>\n<p>La responsabilit\u00e9 du club n\u2019est engag\u00e9e, pour les joueurs ayant acquitt\u00e9 leur cotisation, que pendant les heures d\u2019entra\u00eenement indiqu\u00e9es en d\u00e9but de saison pour chaque cat\u00e9gorie ou des horaires indiqu\u00e9s pour les comp\u00e9titions.<\/p>\n<p>Il est recommand\u00e9 aux parents d\u2019enfants mineurs d\u2019accompagner ou de faire accompagner leur(s) enfant(s) et de les r\u00e9cup\u00e9rer \u00e0 la fin des entra\u00eenements et \u00e0 l\u2019issue des comp\u00e9titions (devant la porte du couloir des vestiaires et non sur le parking), de s\u2019assurer que l\u2019\u00e9ducateur est pr\u00e9sent, de s\u2019assurer que la s\u00e9ance d\u2019entra\u00eenement ou la comp\u00e9tition n\u2019est pas annul\u00e9e.<\/p>\n<h5>6-Assurances, garantie et assistance<\/h5>\n<p>La licence de la FFBS inclut une assurance responsabilit\u00e9 civile, une garantie accident individuelle et d\u2019une assistance.<\/p>\n<p>La participation de l\u2019assureur FFBS ne s\u2019exerce que sur la partie laiss\u00e9e \u00e0 leur charge.<\/p>\n<p>En cas d\u2019accident grave, il sera fait appel aux services d\u2019urgence (Pompiers ou SAMU) et le joueur accident\u00e9 sera conduit \u00e0 la clinique. Le club avertira les parents dans les plus brefs d\u00e9lais.<\/p>\n<p>La d\u00e9claration d\u2019accident est \u00e0 envoyer dans un d\u00e9lai de 5 jours. Il appartient aux joueurs accident\u00e9s de payer tous les soins et de se faire rembourser par leur assurance maladie.<\/p>\n<h5>7-Transports<\/h5>\n<p>Sauf avis contraire des parents, confirm\u00e9 par \u00e9crit, toute personne mineure inscrite au Club peut se rendre aux s\u00e9ances d\u2019entra\u00eenement non accompagn\u00e9e de ses parents ou d\u2019une personne habilit\u00e9e. De m\u00eame, sauf avis contraire des parents, tout enfant inscrit est sujet aux d\u00e9placements.<\/p>\n<p>Les d\u00e9placements s\u2019effectuent en voitures particuli\u00e8res et \u00e9ventuellement en car ou en mini-bus. Le responsable de cat\u00e9gorie met en place un planning de voiturage. Il s\u2019engage \u00e0 vous remettre ce planning d\u00e8s r\u00e9ception des championnats transmis par le district. Les parents s\u2019engagent \u00e0 respecter le planning et les heures de rendez-vous.<\/p>\n<p>En cas d\u2019emp\u00eachement, des \u00e9changes peuvent avoir lieu apr\u00e8s en avoir inform\u00e9 le responsable de la cat\u00e9gorie.<\/p>\n<p>En cas d\u2019accident, le conducteur du v\u00e9hicule est responsable des personnes transport\u00e9es. La responsabilit\u00e9 du club ne peut \u00eatre engag\u00e9e pour tout accident ou incident intervenant au cours du voiturage.<\/p>\n<p>R\u00e8gles de transport et devoirs du conducteur :<\/p>\n<p>Le conducteur du v\u00e9hicule doit \u00eatre d\u00e9tenteur d\u2019un permis de conduire en cours de validit\u00e9 pour le type de v\u00e9hicule utilis\u00e9 et autoris\u00e9 par son assureur \u00e0 transporter des personnes tiers dans le v\u00e9hicule utilis\u00e9.<\/p>\n<p>Le conducteur a pour obligation de veiller \u00e0 ce que ses passagers soient munis d&rsquo;un syst\u00e8me de retenue r\u00e8glementaire (rehausseur + ceinture de s\u00e9curit\u00e9 pour les enfants de 6 \u00e0 10 ans, et ceinture de s\u00e9curit\u00e9 au-del\u00e0 de 10 ans).<\/p>\n<p>Le conducteur doit \u00e9galement s&rsquo;assurer que son v\u00e9hicule ou celui qu&rsquo;il utilise r\u00e9ponde aux conditions et obligations de mise en circulation:<\/p>\n<ul>\n<li>1 place assise pour 1 passager (quel que soit l&rsquo;\u00e2ge du passager),<\/li>\n<li>Contr\u00f4le technique valide,<\/li>\n<li>Organes de s\u00e9curit\u00e9 en bon \u00e9tat (freins, pneumatiques, syst\u00e8me de condamnation des portes arri\u00e8re notamment pour le transport d&rsquo;enfant de moins de 10 ans&#8230;).<\/li>\n<\/ul>\n<h5>8-Code du Sportif<\/h5>\n<p>Tout sportif du d\u00e9butant au v\u00e9t\u00e9ran s\u2019engage \u00e0 :<\/p>\n<ul>\n<li>se conformer aux r\u00e8gles du jeu,<\/li>\n<li>respecter les d\u00e9cisions de l\u2019arbitre,<\/li>\n<li>respecter les adversaires, dirigeants et partenaires,<\/li>\n<li>refuser toute forme de violence et de tricherie,<\/li>\n<li>\u00eatre ma\u00eetre de soi en toutes circonstances,<\/li>\n<li>\u00eatre loyal dans le sport et dans la vie,<\/li>\n<li>\u00eatre exemplaire, g\u00e9n\u00e9reux et tol\u00e9rant,<\/li>\n<li>bannir la drogue et l\u2019alcool.<\/li>\n<\/ul>\n<p>L\u2019esprit sportif fixe un but: \u00ab Que le meilleur gagne \u00bb.<\/p>\n<p>Vouloir gagner, c\u2019est donc vouloir \u00eatre le meilleur, mais dans la loyaut\u00e9 et le fair-play.<\/p>\n","protected":false},"excerpt":{"rendered":"<p>1-L\u2019administration Le si\u00e8ge administratif est situ\u00e9 au 59 Rue Alexis Revenaz &#8211; 91000 Evry. Le club est dirig\u00e9 par : VAJOUMOUNIEN James \u2013 Pr\u00e9sident, VAJOUMOUNIEN Prakash\u00a0\u2013 Secr\u00e9taire, AMIRDALIGAME Deva \u2013 Tr\u00e9sorier, RAMAKRISHNAN Reegan &#8211; Entra\u00eeneur. 2-L\u2019adh\u00e9sion L\u2019adh\u00e9sion \u00e0 Vipers Grigny Cricket Club, implique l\u2019approbation des statuts du club et de son r\u00e8glement int\u00e9rieur. Elle impose [&hellip;]<\/p>\n","protected":false},"author":1,"featured_media":0,"parent":0,"menu_order":0,"comment_status":"closed","ping_status":"closed","template":"template-fullwidth.php","meta":{"jetpack_post_was_ever_published":false,"footnotes":""},"jetpack_sharing_enabled":true,"jetpack_shortlink":"https:\/\/wp.me\/PaIxl1-2k","_links":{"self":[{"href":"https:\/\/www.vipersgrignycc.com\/index.php?rest_route=\/wp\/v2\/pages\/144"}],"collection":[{"href":"https:\/\/www.vipersgrignycc.com\/index.php?rest_route=\/wp\/v2\/pages"}],"about":[{"href":"https:\/\/www.vipersgrignycc.com\/index.php?rest_route=\/wp\/v2\/types\/page"}],"author":[{"embeddable":true,"href":"https:\/\/www.vipersgrignycc.com\/index.php?rest_route=\/wp\/v2\/users\/1"}],"replies":[{"embeddable":true,"href":"https:\/\/www.vipersgrignycc.com\/index.php?rest_route=%2Fwp%2Fv2%2Fcomments&post=144"}],"version-history":[{"count":3,"href":"https:\/\/www.vipersgrignycc.com\/index.php?rest_route=\/wp\/v2\/pages\/144\/revisions"}],"predecessor-version":[{"id":147,"href":"https:\/\/www.vipersgrignycc.com\/index.php?rest_route=\/wp\/v2\/pages\/144\/revisions\/147"}],"wp:attachment":[{"href":"https:\/\/www.vipersgrignycc.com\/index.php?rest_route=%2Fwp%2Fv2%2Fmedia&parent=144"}],"curies":[{"name":"wp","href":"https:\/\/api.w.org\/{rel}","templated":true}]}}