{"id":133,"date":"2017-01-12T16:58:08","date_gmt":"2017-01-12T15:58:08","guid":{"rendered":"http:\/\/prd.vipersgrignycc.com\/?page_id=133"},"modified":"2019-01-09T13:46:43","modified_gmt":"2019-01-09T12:46:43","slug":"inscription","status":"publish","type":"page","link":"https:\/\/www.vipersgrignycc.com\/?page_id=133","title":{"rendered":"Inscription membre &#8211; saison 2019"},"content":{"rendered":"<div id=\"erf_form_container_1811\" class=\"erf-container erf-contact erf-label-top erf-layout-two-column erf-style-rounded\">\n        \n    \n         \n                        <div class=\"erf-content-above\">\n                    <\/div>\n            <form method=\"post\" enctype=\"multipart\/form-data\" class=\"erf-form erf-front-form\" data-parsley-validate=\"\" novalidate=\"true\" data-erf-submission-id=\"0\" data-erf-form-id=\"1811\">\n                <div class=\"erf-errors\">\n                        \n                <\/div>\n                <div class=\"erf-form-html\" id=\"erf_form_1811\">\n        <div class=\"rendered-form\"><div class=\"\"><div data-ref-id=\"ref-7c1qx4p5oz\" data-ref-label=\"ref-9iofxu\" class=\"fb-rich-text\" data-non-input=\"1\" id=\"control-4405113\"><span style=\"color: rgb(34, 34, 34); font-family: Lato, sans-serif; font-size: 16px;\">Nous sommes heureux de vous compter parmi nos membres!<\/span><br><\/div><\/div><div class=\"fb-text form-group field-text-241035822942\"><label for=\"text-241035822942\" class=\"fb-text-label\">Nom<span class=\"fb-required\">*<\/span><\/label><input type=\"text\" advance=\"+ Advanced Settings\" placeholder=\"Nom\" class=\"form-control\" maxlength=\"50\" name=\"text-241035822942\" id=\"text-241035822942\" required=\"required\" aria-required=\"true\"><\/div><div class=\"fb-text form-group field-text-60591906128\"><label for=\"text-60591906128\" class=\"fb-text-label\">Pr\u00e9nom<span class=\"fb-required\">*<\/span><\/label><input type=\"text\" advance=\"+ Advanced Settings\" placeholder=\"Pr\u00e9nom\" class=\"form-control\" maxlength=\"50\" name=\"text-60591906128\" id=\"text-60591906128\" required=\"required\" aria-required=\"true\"><\/div><div class=\"fb-date form-group field-date-1547022749245\"><label for=\"date-1547022749245\" class=\"fb-date-label\">Date de naissance<span class=\"fb-required\">*<\/span><\/label><input type=\"date\" advance=\"+ Advanced Settings\" placeholder=\"01\/01\/2000\" data-date-format=\"dd\/mm\/yy\" class=\"form-control\" name=\"date-1547022749245\" data-erf-type=\"date\" id=\"date-1547022749245\" required=\"required\" aria-required=\"true\"><\/div><div class=\"fb-text form-group field-text-1547027894542\"><label for=\"text-1547027894542\" class=\"fb-text-label\">Ville - Pays de naissance<span class=\"fb-required\">*<\/span><\/label><input type=\"text\" advance=\"+ Advanced Settings\" placeholder=\"Grigny - France\" class=\"form-control\" name=\"text-1547027894542\" id=\"text-1547027894542\" required=\"required\" aria-required=\"true\"><\/div><div class=\"fb-text form-group field-text-25232632696\"><label for=\"text-25232632696\" class=\"fb-text-label\">Email<span class=\"fb-required\">*<\/span><\/label><input type=\"email\" advance=\"+ Advanced Settings\" placeholder=\"mail@mail.com\" class=\"form-control\" name=\"text-25232632696\" id=\"text-25232632696\" required=\"required\" aria-required=\"true\"><\/div><div class=\"fb-text form-group field-text-1547028380326\"><label for=\"text-1547028380326\" class=\"fb-text-label\">T\u00e9l\u00e9phone<span class=\"fb-required\">*<\/span><\/label><input type=\"tel\" advance=\"+ Advanced Settings\" placeholder=\"0607080910\" class=\"form-control\" maxlength=\"10\" name=\"text-1547028380326\" id=\"text-1547028380326\" required=\"required\" aria-required=\"true\"><\/div><div class=\"fb-text form-group field-text-1547022530842\"><label for=\"text-1547022530842\" class=\"fb-text-label\">Adresse<span class=\"fb-required\">*<\/span><\/label><input type=\"text\" advance=\"+ Advanced Settings\" placeholder=\"1 Rue de Grigny\" class=\"form-control\" name=\"text-1547022530842\" id=\"text-1547022530842\" required=\"required\" aria-required=\"true\"><\/div><input type=\"hidden\" name=\"hidden-1548410318390\" id=\"hidden-1548410318390\"><div class=\"fb-number form-group field-number-1548410062374\"><label for=\"number-1548410062374\" class=\"fb-number-label\">Code postal<span class=\"fb-required\">*<\/span><\/label><input type=\"number\" min=\"5\" max=\"5\" advance=\"+ Advanced Settings\" placeholder=\"91350\" class=\"form-control\" name=\"number-1548410062374\" id=\"number-1548410062374\" required=\"required\" aria-required=\"true\"><\/div><div class=\"fb-text form-group field-text-1548410089759\"><label for=\"text-1548410089759\" class=\"fb-text-label\">Ville<span class=\"fb-required\">*<\/span><\/label><input type=\"text\" advance=\"+ Advanced Settings\" placeholder=\"Grigny\" class=\"form-control\" name=\"text-1548410089759\" id=\"text-1548410089759\" required=\"required\" aria-required=\"true\"><\/div><div class=\"fb-file form-group field-file-1547024630614\"><label for=\"file-1547024630614\" class=\"fb-file-label\">Photo<span class=\"fb-required\">*<\/span><\/label><input type=\"file\" advance=\"+ Advanced Settings\" class=\"form-control\" name=\"file-1547024630614\" id=\"file-1547024630614\" required=\"required\" aria-required=\"true\"><\/div><div class=\"fb-file form-group field-file-1547027465636\"><label for=\"file-1547027465636\" class=\"fb-file-label\">Pi\u00e8ce d\u2019identit\u00e9<span class=\"fb-required\">*<\/span><\/label><input type=\"file\" advance=\"+ Advanced Settings\" class=\"form-control\" name=\"file-1547027465636\" id=\"file-1547027465636\" required=\"required\" aria-required=\"true\"><\/div><div class=\"fb-file form-group field-file-1547024651109\"><label for=\"file-1547024651109\" class=\"fb-file-label\">Certificat medical<span class=\"fb-required\">*<\/span><\/label><input type=\"file\" advance=\"+ Advanced Settings\" class=\"form-control\" name=\"file-1547024651109\" id=\"file-1547024651109\" required=\"required\" aria-required=\"true\"><\/div><div class=\"fb-radio-group form-group field-radio-group-1547029420392\"><label for=\"radio-group-1547029420392\" class=\"fb-radio-group-label\">Cotisation anuelle<span class=\"fb-required\">*<\/span><\/label><div class=\"radio-group\"><div class=\"radio\"><input advance=\"+ Advanced Settings\" name=\"radio-group-1547029420392\" id=\"radio-group-1547029420392-0\" required=\"required\" aria-required=\"true\" value=\"Jeune\" type=\"radio\"><label for=\"radio-group-1547029420392-0\">Jeune - 75\u20ac (-18ans)<\/label><\/div><div class=\"radio\"><input advance=\"+ Advanced Settings\" name=\"radio-group-1547029420392\" id=\"radio-group-1547029420392-1\" required=\"required\" aria-required=\"true\" value=\"Adulte\" type=\"radio\"><label for=\"radio-group-1547029420392-1\">Adulte - 100\u20ac (+18ans)<\/label><\/div><\/div><\/div><div class=\"\"><div data-ref-id=\"ref-ldqfqwz1uxe\" data-ref-label=\"ref-5yp97a\" class=\"fb-rich-text\" data-non-input=\"1\" id=\"control-3474561\"><div>La cotisation est \u00e0 \u00e9tablir \u00e0 l\u2019ordre de \"Vipers Grigny Cricket Club\" et \u00e0 remettre en main propre au responsable.<br><\/div>Toute cotisation pay\u00e9e reste acquise \u00e0 l\u2019association. Il ne sera effectu\u00e9 aucune restitution partielle ou totale pour\nquelque motif que ce soit.<\/div><\/div><div class=\"fb-checkbox-group form-group field-checkbox-group-1547024959749\"><label for=\"checkbox-group-1547024959749\" class=\"fb-checkbox-group-label\">Engagement<span class=\"fb-required\">*<\/span><\/label><div class=\"checkbox-group\"><div class=\"checkbox-inline\"><input advance=\"+ Advanced Settings\" name=\"checkbox-group-1547024959749[]\" id=\"checkbox-group-1547024959749-0\" required=\"required\" aria-required=\"true\" value=\"accept\u00e9\" type=\"checkbox\"><label for=\"checkbox-group-1547024959749-0\">En m\u2019inscrivant, je m\u2019engage \u00e0 respecter le r\u00e8glement int\u00e9rieur du Club.<\/label><\/div><\/div><\/div><div class=\"fb-button form-group field-button-5268124671\"><button type=\"submit\" class=\"btn btn-default\" name=\"button-5268124671\" data-erf-btn-pos=\"center\" style=\"default\" id=\"button-5268124671\">Je m'inscris<\/button><\/div><\/div>                <\/div>    \n\n                <div class=\"erf-external-form-elements\">\n                    \n                    \n        \n\n                    \n                                <!-- Show reCaptcha if configured -->\n                        <div class=\"g-recaptcha erf-recaptcha clearfix\" data-sitekey=\"6LdsOIgUAAAAAPiTzeUbC0ACXxQRnxgBTEwIMsB-\"><\/div>\n                        <!-- reCaptcha ends here -->\n        \n\n                <\/div>\n                <!-- Contains multipage Next,Previous buttons -->\n                <div class=\"erf-form-nav clearfix\"><\/div> \n\n                <!-- Single page form button -->\n                <div class=\"erf-submit-button clearfix\"><\/div>\n\n                <input type=\"hidden\" name=\"erform_id\" value=\"1811\" \/>\n                <input type=\"hidden\" name=\"erform_submission_nonce\" value=\"fef79a38a7\" \/>\n                <input type=\"hidden\" name=\"action\" value=\"erf_submit_form\" \/>\n\n            <\/form>\n        \n<\/div>\n\n","protected":false},"excerpt":{"rendered":"","protected":false},"author":1,"featured_media":0,"parent":0,"menu_order":0,"comment_status":"closed","ping_status":"closed","template":"template-fullwidth.php","meta":{"jetpack_post_was_ever_published":false,"footnotes":""},"jetpack_sharing_enabled":true,"jetpack_shortlink":"https:\/\/wp.me\/PaIxl1-29","_links":{"self":[{"href":"https:\/\/www.vipersgrignycc.com\/index.php?rest_route=\/wp\/v2\/pages\/133"}],"collection":[{"href":"https:\/\/www.vipersgrignycc.com\/index.php?rest_route=\/wp\/v2\/pages"}],"about":[{"href":"https:\/\/www.vipersgrignycc.com\/index.php?rest_route=\/wp\/v2\/types\/page"}],"author":[{"embeddable":true,"href":"https:\/\/www.vipersgrignycc.com\/index.php?rest_route=\/wp\/v2\/users\/1"}],"replies":[{"embeddable":true,"href":"https:\/\/www.vipersgrignycc.com\/index.php?rest_route=%2Fwp%2Fv2%2Fcomments&post=133"}],"version-history":[{"count":13,"href":"https:\/\/www.vipersgrignycc.com\/index.php?rest_route=\/wp\/v2\/pages\/133\/revisions"}],"predecessor-version":[{"id":1837,"href":"https:\/\/www.vipersgrignycc.com\/index.php?rest_route=\/wp\/v2\/pages\/133\/revisions\/1837"}],"wp:attachment":[{"href":"https:\/\/www.vipersgrignycc.com\/index.php?rest_route=%2Fwp%2Fv2%2Fmedia&parent=133"}],"curies":[{"name":"wp","href":"https:\/\/api.w.org\/{rel}","templated":true}]}}